{"id":24964,"date":"2025-09-27T18:31:50","date_gmt":"2025-09-27T16:31:50","guid":{"rendered":"https:\/\/comvousemoi.com\/?page_id=24964"},"modified":"2025-09-27T19:15:01","modified_gmt":"2025-09-27T17:15:01","slug":"mentions-legales","status":"publish","type":"page","link":"https:\/\/comvousemoi.com\/index.php\/mentions-legales\/","title":{"rendered":"Mentions l\u00e9gales"},"content":{"rendered":"<p>[et_pb_section fb_built=\u00a0\u00bb1&Prime; _builder_version=\u00a0\u00bb4.27.4&Prime; _module_preset=\u00a0\u00bbdefault\u00a0\u00bb background_image=\u00a0\u00bbhttps:\/\/comvousemoi.com\/wp-content\/uploads\/2024\/08\/fond-middle-cards.webp\u00a0\u00bb global_colors_info=\u00a0\u00bb{}\u00a0\u00bb][et_pb_row _builder_version=\u00a0\u00bb4.27.4&Prime; _module_preset=\u00a0\u00bbdefault\u00a0\u00bb global_colors_info=\u00a0\u00bb{}\u00a0\u00bb][et_pb_column type=\u00a0\u00bb4_4&Prime; _builder_version=\u00a0\u00bb4.27.4&Prime; _module_preset=\u00a0\u00bbdefault\u00a0\u00bb hover_enabled=\u00a0\u00bb0&Prime; global_colors_info=\u00a0\u00bb{}\u00a0\u00bb sticky_enabled=\u00a0\u00bb0&Prime;][et_pb_text _builder_version=\u00a0\u00bb4.27.4&Prime; _module_preset=\u00a0\u00bbdefault\u00a0\u00bb header_text_color=\u00a0\u00bb#EE4C4B\u00a0\u00bb header_2_text_color=\u00a0\u00bb#0CC0DF\u00a0\u00bb hover_enabled=\u00a0\u00bb0&Prime; global_colors_info=\u00a0\u00bb{}\u00a0\u00bb sticky_enabled=\u00a0\u00bb0&Prime;]<\/p>\n<h1>Mentions l\u00e9gales<\/h1>\n<p>Conform\u00e9ment aux dispositions des articles 6-III et 19 de la Loi pour la Confiance dans l&rsquo;\u00c9conomie Num\u00e9rique (LCEN), nous vous informons des \u00e9l\u00e9ments suivants :<\/p>\n<h2>1. \u00c9diteur du site<\/h2>\n<p><strong>Com&rsquo; Vous \u00c9moi<\/strong><br \/>SIRET : 930 178 884 00019<\/p>\n<p>Auto-entreprise : V\u00e9ronique JOZROLLAND EI <br \/>Adresse :  351 Rue du Parc de la Sure 38500 COUBLEVIE<\/p>\n<p>Responsable de publication : V\u00e9ronique JOZROLLAND<\/p>\n<p>Email : <a>contact(a)comvousemoi.com<\/a><br \/>T\u00e9l\u00e9phone : <a>+33 6 60 45 86 15<\/a><\/p>\n<h2>2. H\u00e9bergeur<\/h2>\n<p><strong>OVHcloud<\/strong><br \/>SIRET : 424 761 419 00045<br \/>Adresse : 2 rue kellermann BP 80157 59053 ROUBAIX CEDEX 1 &#8211; France<\/p>\n<h2>3. Propri\u00e9t\u00e9 intellectuelle<\/h2>\n<p>L\u2019ensemble des contenus pr\u00e9sents sur le site <strong>comvousemoi.com<\/strong> (textes, images, graphismes, logo, vid\u00e9os, etc.) est prot\u00e9g\u00e9 par le droit d\u2019auteur et la propri\u00e9t\u00e9 intellectuelle.<\/p>\n<p>Toute reproduction, repr\u00e9sentation, modification, adaptation, totale ou partielle, est interdite sans l\u2019autorisation \u00e9crite pr\u00e9alable de l\u2019\u00e9diteur.<\/p>\n<h2>4. Donn\u00e9es personnelles<\/h2>\n<p>Conform\u00e9ment au R\u00e8glement G\u00e9n\u00e9ral sur la Protection des Donn\u00e9es (RGPD) :<\/p>\n<p><strong>Responsable du traitement :<\/strong> Com&rsquo; Vous \u00c9moi<br \/><strong>Finalit\u00e9s :<\/strong> gestion des demandes de contact, \u00e9laboration de devis, suivi des \u00e9changes, envoi \u00e9ventuel d\u2019informations commerciales.<br \/><strong>Base l\u00e9gale :<\/strong> consentement de l\u2019utilisateur et ex\u00e9cution de mesures pr\u00e9-contractuelles.<br \/><strong>Dur\u00e9e de conservation :<\/strong> maximum 3 ans \u00e0 compter du dernier contact.<br \/><strong>Destinataires :<\/strong> l\u2019\u00e9diteur du site et ses prestataires techniques (h\u00e9bergeur, outils de statistiques).<\/p>\n<p>Vous disposez des droits suivants : acc\u00e8s, rectification, effacement, limitation, opposition, portabilit\u00e9.<br \/>Pour exercer vos droits : <a><a>contact(a)comvousemoi.com<\/a><\/p>\n<p><strong>Cookies :<\/strong> le site peut utiliser des cookies pour mesurer l\u2019audience et am\u00e9liorer l\u2019exp\u00e9rience utilisateur. Vous pouvez les refuser ou les param\u00e9trer via votre navigateur.<\/p>\n<h2>5. Responsabilit\u00e9<\/h2>\n<p>L\u2019\u00e9diteur s\u2019efforce d\u2019assurer l\u2019exactitude et la mise \u00e0 jour des informations pr\u00e9sentes sur le site. Il ne peut toutefois \u00eatre tenu responsable des erreurs, omissions ou indisponibilit\u00e9s.<\/p>\n<h2>6. Liens hypertextes<\/h2>\n<p>Le site peut contenir des liens vers d\u2019autres sites. L\u2019\u00e9diteur d\u00e9cline toute responsabilit\u00e9 concernant le contenu de ces sites externes.<\/p>\n<h2>7. Droit applicable<\/h2>\n<p>Les pr\u00e9sentes mentions l\u00e9gales sont r\u00e9gies par le droit fran\u00e7ais. Tout litige relatif \u00e0 l\u2019utilisation du site rel\u00e8ve de la comp\u00e9tence des juridictions fran\u00e7aises.<\/p>\n<p>&nbsp;<\/p>\n<p>[\/et_pb_text][\/et_pb_column][\/et_pb_row][\/et_pb_section]<\/p>\n","protected":false},"excerpt":{"rendered":"<p>Mentions l\u00e9gales Conform\u00e9ment aux dispositions des articles 6-III et 19 de la Loi pour la Confiance dans l&rsquo;\u00c9conomie Num\u00e9rique (LCEN), nous vous informons des \u00e9l\u00e9ments suivants : 1. \u00c9diteur du site Com&rsquo; Vous \u00c9moiSIRET : 930 178 884 00019 Auto-entreprise : V\u00e9ronique JOZROLLAND EI Adresse : 351 Rue du Parc de la Sure 38500 COUBLEVIE [&hellip;]<\/p>\n","protected":false},"author":1,"featured_media":0,"parent":0,"menu_order":0,"comment_status":"closed","ping_status":"closed","template":"","meta":{"_et_pb_use_builder":"on","_et_pb_old_content":"","_et_gb_content_width":"","footnotes":""},"class_list":["post-24964","page","type-page","status-publish","hentry"],"_links":{"self":[{"href":"https:\/\/comvousemoi.com\/index.php\/wp-json\/wp\/v2\/pages\/24964","targetHints":{"allow":["GET"]}}],"collection":[{"href":"https:\/\/comvousemoi.com\/index.php\/wp-json\/wp\/v2\/pages"}],"about":[{"href":"https:\/\/comvousemoi.com\/index.php\/wp-json\/wp\/v2\/types\/page"}],"author":[{"embeddable":true,"href":"https:\/\/comvousemoi.com\/index.php\/wp-json\/wp\/v2\/users\/1"}],"replies":[{"embeddable":true,"href":"https:\/\/comvousemoi.com\/index.php\/wp-json\/wp\/v2\/comments?post=24964"}],"version-history":[{"count":4,"href":"https:\/\/comvousemoi.com\/index.php\/wp-json\/wp\/v2\/pages\/24964\/revisions"}],"predecessor-version":[{"id":24988,"href":"https:\/\/comvousemoi.com\/index.php\/wp-json\/wp\/v2\/pages\/24964\/revisions\/24988"}],"wp:attachment":[{"href":"https:\/\/comvousemoi.com\/index.php\/wp-json\/wp\/v2\/media?parent=24964"}],"curies":[{"name":"wp","href":"https:\/\/api.w.org\/{rel}","templated":true}]}}